{"id":28,"date":"2018-11-12T15:31:59","date_gmt":"2018-11-12T15:31:59","guid":{"rendered":"http:\/\/www.proersa.com\/fra\/?page_id=28"},"modified":"2023-12-04T21:12:47","modified_gmt":"2023-12-04T21:12:47","slug":"contact","status":"publish","type":"page","link":"http:\/\/www.proersa.com\/fra\/contact\/","title":{"rendered":"Contact"},"content":{"rendered":"<div style=\"background-color: #ffffff; width: 100%; height: 36px;\"><\/div>\n<div class=\"contact-form-main\">\n<div class=\"contact-form-container\">\n<div class=\"main-title\">\n<h1>POUVONS-NOUS VOUS AIDER ?<\/h1>\n<\/div>\n<div class=\"main-line\">\n<hr style=\"color: #bbbbbb; width: 70%; float: right;\" \/><\/div>\n<div role=\"form\" class=\"wpcf7\" id=\"wpcf7-f4-o1\" lang=\"fr-FR\" dir=\"ltr\">\n<div class=\"screen-reader-response\"><p role=\"status\" aria-live=\"polite\" aria-atomic=\"true\"><\/p> <ul><\/ul><\/div>\n<form action=\"\/fra\/wp-json\/wp\/v2\/pages\/28#wpcf7-f4-o1\" method=\"post\" class=\"wpcf7-form init\" novalidate=\"novalidate\" data-status=\"init\">\n<div style=\"display: none;\">\n<input type=\"hidden\" name=\"_wpcf7\" value=\"4\" \/>\n<input type=\"hidden\" name=\"_wpcf7_version\" value=\"5.4.2\" \/>\n<input type=\"hidden\" name=\"_wpcf7_locale\" value=\"fr_FR\" \/>\n<input type=\"hidden\" name=\"_wpcf7_unit_tag\" value=\"wpcf7-f4-o1\" \/>\n<input type=\"hidden\" name=\"_wpcf7_container_post\" value=\"0\" \/>\n<input type=\"hidden\" name=\"_wpcf7_posted_data_hash\" value=\"\" \/>\n<\/div>\n<p><label> Nom (requise)<br \/>\n    <span class=\"wpcf7-form-control-wrap your-name\"><input type=\"text\" name=\"your-name\" value=\"\" size=\"40\" class=\"wpcf7-form-control wpcf7-text wpcf7-validates-as-required\" aria-required=\"true\" aria-invalid=\"false\" \/><\/span> <\/label><\/p>\n<p><label> E-mail (requise)<br \/>\n    <span class=\"wpcf7-form-control-wrap your-email\"><input type=\"email\" name=\"your-email\" value=\"\" size=\"40\" class=\"wpcf7-form-control wpcf7-text wpcf7-email wpcf7-validates-as-required wpcf7-validates-as-email\" aria-required=\"true\" aria-invalid=\"false\" \/><\/span> <\/label><\/p>\n<p><label> T\u00e9l\u00e9phone (requise)<br \/>\n    <span class=\"wpcf7-form-control-wrap your-tel\"><input type=\"tel\" name=\"your-tel\" value=\"\" size=\"40\" class=\"wpcf7-form-control wpcf7-text wpcf7-tel wpcf7-validates-as-required wpcf7-validates-as-tel\" aria-required=\"true\" aria-invalid=\"false\" \/><\/span> <\/label><\/p>\n<p><label> Sujet<br \/>\n    <span class=\"wpcf7-form-control-wrap your-subject\"><input type=\"text\" name=\"your-subject\" value=\"\" size=\"40\" class=\"wpcf7-form-control wpcf7-text\" aria-invalid=\"false\" \/><\/span> <\/label><\/p>\n<p><label> Message<br \/>\n    <span class=\"wpcf7-form-control-wrap your-message\"><textarea name=\"your-message\" cols=\"40\" rows=\"10\" class=\"wpcf7-form-control wpcf7-textarea\" aria-invalid=\"false\"><\/textarea><\/span> <\/label><\/p>\n<p><input type=\"submit\" value=\"Envoyer\" class=\"wpcf7-form-control wpcf7-submit\" \/><\/p>\n<div class=\"wpcf7-response-output\" aria-hidden=\"true\"><\/div><\/form><\/div><\/div>\n<div class=\"contact-form-container2\">\n<div class=\"main-title\">\n<h1>N&rsquo;H\u00c9SITEZ PAS \u00c0 NOUS CONTACTER<\/h1>\n<\/div>\n<div class=\"main-line\">\n<hr style=\"color: #bbbbbb; width: 40%; float: right;\" \/><\/div>\n<div class=\"main-content\" style=\"line-height: 200%;\">\n<h3><strong>USINE ET ENTREP\u00d4T<\/strong><br \/>Pol\u00edgono Industrial \u00ab\u00a0Sesrovires\u00a0\u00bb<br \/>C\/ Ricardo de la Cierva, 9-11<br \/>08635 Sant Esteve Sesrovires &#8211; Barcelona (Spain)<br \/>Tel: (+34) 93 771 42 25<\/h3>\n<\/div>\n<div class=\"main-content\" style=\"line-height: 200%;\">\n<h3><strong>COLLECTION DE PRODUITS<br \/>ZONE DE R\u00c9CEPTION DES MARCHANDISES<\/strong><br \/>Planning: 06:00 &#8211; 14:00<br \/>Pol\u00edgono Industrial \u00ab\u00a0Sesrovires\u00a0\u00bb<br \/>C\/ Ricardo de la Cierva, 9-11<br \/>08635 Sant Esteve Sesrovires &#8211; Barcelona (Spain)<br \/>Tel: (+34) 93 771 42 25<\/h3>\n<\/div>\n<div class=\"main-content\" style=\"line-height: 200%;\">\n<h3><strong>BUREAUX<\/strong><br \/>Av. Josep Tarradellas, 106-108, entlo 2\u00aa<br \/>08029 Barcelona (Spain)<br \/>Tel: (+34) 93 405 12 14<\/h3>\n<\/div>\n<div class=\"main-content\" style=\"line-height: 200%;\">\n<h3><strong>CONTACTEZ NOUS PAR EMAIL<\/strong><br \/>info@proersa.com<\/h3>\n<\/div>\n<\/div>\n<\/div>\n<div style=\"background-color: #ffffff; width: 100%; height: 4em;\"><\/div>\n<div class=\"contact-form-main-explain\">\n<div class=\"main-title\">\n<h1>PLAN D&rsquo;ACC\u00c8S USINE ET ENTREP\u00d4T<\/h1>\n<\/div>\n<div class=\"contact-form-main-explain-image\"><img decoding=\"async\" src=\"http:\/\/www.proersa.com\/fra\/wp-content\/uploads\/sites\/4\/2018\/11\/map.jpg\" alt=\"F\u00e1brica y almac\u00e9n Proersa\" align=\"middle\" \/><\/div>\n<div class=\"contact-form-main-explain-text\">\n<h3>\n<ul>\n<li>Prendre la sortie 25 de l&rsquo;Autoroute AP-7 en direction de Martorell\/Manresa\/A2\/Igualada\/Lleida.<\/li>\n<li>Ensuite, rejoindre le B-224 \u00e0 Martorell\/Capellades.<\/li>\n<li>Au rond-point, prendre la premi\u00e8re sortie sur la route Piera\/B-224.<\/li>\n<li>Tourner \u00e0 droite \u00e0 100 m\u00e8tres apr\u00e8s le passage de Can Brians.<\/li>\n<li>Coordonn\u00e9es GPS 41.481035, 1.875008.<\/li>\n<\/ul>\n<\/h3>\n<\/div>\n<\/div>\n<div style=\"background-color: #ffffff; width: 100%; height: 2em;\"><\/div>\n<div class=\"contact-form-main-explain\">\n<div class=\"main-title\">\n<h1>PLAN D&rsquo;ACC\u00c8S BUREAUX<\/h1>\n<\/div>\n<div class=\"contact-form-main-explain-image\"><img decoding=\"async\" src=\"http:\/\/www.proersa.com\/fra\/wp-content\/uploads\/sites\/4\/2018\/11\/mapaofi.jpg\" alt=\"Oficinas Proersa\" \/><\/div>\n<\/div>\n<div style=\"background-color: #ffffff; width: 100%; height: 2em;\"><\/div>\n","protected":false},"excerpt":{"rendered":"<p>POUVONS-NOUS VOUS AIDER ? N&rsquo;H\u00c9SITEZ PAS \u00c0 NOUS CONTACTER USINE ET ENTREP\u00d4TPol\u00edgono Industrial \u00ab\u00a0Sesrovires\u00a0\u00bbC\/ Ricardo de la Cierva, 9-1108635 Sant [&hellip;]<\/p>\n","protected":false},"author":1,"featured_media":0,"parent":0,"menu_order":0,"comment_status":"closed","ping_status":"closed","template":"","meta":{"footnotes":""},"class_list":["post-28","page","type-page","status-publish","hentry"],"yoast_head":"<!-- This site is optimized with the Yoast SEO plugin v26.7 - https:\/\/yoast.com\/wordpress\/plugins\/seo\/ -->\n<title>Contact - Fabrication &amp; Conditionnement d&#039;a\u00e9rosols<\/title>\n<meta name=\"robots\" content=\"index, follow, max-snippet:-1, max-image-preview:large, max-video-preview:-1\" \/>\n<link rel=\"canonical\" href=\"https:\/\/www.proersa.com\/fra\/contact\/\" \/>\n<meta property=\"og:locale\" content=\"fr_FR\" \/>\n<meta property=\"og:type\" content=\"article\" \/>\n<meta property=\"og:title\" content=\"Contact - Fabrication &amp; Conditionnement d&#039;a\u00e9rosols\" \/>\n<meta property=\"og:description\" content=\"POUVONS-NOUS VOUS AIDER ? N&rsquo;H\u00c9SITEZ PAS \u00c0 NOUS CONTACTER USINE ET ENTREP\u00d4TPol\u00edgono Industrial \u00ab\u00a0Sesrovires\u00a0\u00bbC\/ Ricardo de la Cierva, 9-1108635 Sant [&hellip;]\" \/>\n<meta property=\"og:url\" content=\"https:\/\/www.proersa.com\/fra\/contact\/\" \/>\n<meta property=\"og:site_name\" content=\"Fabrication &amp; Conditionnement d&#039;a\u00e9rosols\" \/>\n<meta property=\"article:modified_time\" content=\"2023-12-04T21:12:47+00:00\" \/>\n<meta property=\"og:image\" content=\"http:\/\/www.proersa.com\/fra\/wp-content\/uploads\/sites\/4\/2018\/11\/map.jpg\" \/>\n<meta name=\"twitter:card\" content=\"summary_large_image\" \/>\n<meta name=\"twitter:label1\" content=\"Dur\u00e9e de lecture estim\u00e9e\" \/>\n\t<meta name=\"twitter:data1\" content=\"1 minute\" \/>\n<script type=\"application\/ld+json\" class=\"yoast-schema-graph\">{\"@context\":\"https:\/\/schema.org\",\"@graph\":[{\"@type\":\"WebPage\",\"@id\":\"https:\/\/www.proersa.com\/fra\/contact\/\",\"url\":\"https:\/\/www.proersa.com\/fra\/contact\/\",\"name\":\"Contact - Fabrication &amp; Conditionnement d&#039;a\u00e9rosols\",\"isPartOf\":{\"@id\":\"https:\/\/www.proersa.com\/fra\/#website\"},\"primaryImageOfPage\":{\"@id\":\"https:\/\/www.proersa.com\/fra\/contact\/#primaryimage\"},\"image\":{\"@id\":\"https:\/\/www.proersa.com\/fra\/contact\/#primaryimage\"},\"thumbnailUrl\":\"http:\/\/www.proersa.com\/fra\/wp-content\/uploads\/sites\/4\/2018\/11\/map.jpg\",\"datePublished\":\"2018-11-12T15:31:59+00:00\",\"dateModified\":\"2023-12-04T21:12:47+00:00\",\"breadcrumb\":{\"@id\":\"https:\/\/www.proersa.com\/fra\/contact\/#breadcrumb\"},\"inLanguage\":\"fr-FR\",\"potentialAction\":[{\"@type\":\"ReadAction\",\"target\":[\"https:\/\/www.proersa.com\/fra\/contact\/\"]}]},{\"@type\":\"ImageObject\",\"inLanguage\":\"fr-FR\",\"@id\":\"https:\/\/www.proersa.com\/fra\/contact\/#primaryimage\",\"url\":\"http:\/\/www.proersa.com\/fra\/wp-content\/uploads\/sites\/4\/2018\/11\/map.jpg\",\"contentUrl\":\"http:\/\/www.proersa.com\/fra\/wp-content\/uploads\/sites\/4\/2018\/11\/map.jpg\"},{\"@type\":\"BreadcrumbList\",\"@id\":\"https:\/\/www.proersa.com\/fra\/contact\/#breadcrumb\",\"itemListElement\":[{\"@type\":\"ListItem\",\"position\":1,\"name\":\"Portada\",\"item\":\"https:\/\/www.proersa.com\/fra\/\"},{\"@type\":\"ListItem\",\"position\":2,\"name\":\"Contact\"}]},{\"@type\":\"WebSite\",\"@id\":\"https:\/\/www.proersa.com\/fra\/#website\",\"url\":\"https:\/\/www.proersa.com\/fra\/\",\"name\":\"Fabrication &amp; Conditionnement d&#039;a\u00e9rosols\",\"description\":\"Proersa Aerosoles - fabricant d\u2019a\u00e9rosols - sous traitance industrielle pour vos produits cosm\u00e9tiques\",\"publisher\":{\"@id\":\"https:\/\/www.proersa.com\/fra\/#organization\"},\"potentialAction\":[{\"@type\":\"SearchAction\",\"target\":{\"@type\":\"EntryPoint\",\"urlTemplate\":\"https:\/\/www.proersa.com\/fra\/?s={search_term_string}\"},\"query-input\":{\"@type\":\"PropertyValueSpecification\",\"valueRequired\":true,\"valueName\":\"search_term_string\"}}],\"inLanguage\":\"fr-FR\"},{\"@type\":\"Organization\",\"@id\":\"https:\/\/www.proersa.com\/fra\/#organization\",\"name\":\"Fabrication &amp; Conditionnement d&#039;a\u00e9rosols\",\"url\":\"https:\/\/www.proersa.com\/fra\/\",\"logo\":{\"@type\":\"ImageObject\",\"inLanguage\":\"fr-FR\",\"@id\":\"https:\/\/www.proersa.com\/fra\/#\/schema\/logo\/image\/\",\"url\":\"http:\/\/www.proersa.com\/fra\/wp-content\/uploads\/sites\/4\/2019\/01\/Proersa_logo_aerosoles50_aniversary.jpg\",\"contentUrl\":\"http:\/\/www.proersa.com\/fra\/wp-content\/uploads\/sites\/4\/2019\/01\/Proersa_logo_aerosoles50_aniversary.jpg\",\"width\":263,\"height\":63,\"caption\":\"Fabrication &amp; Conditionnement d&#039;a\u00e9rosols\"},\"image\":{\"@id\":\"https:\/\/www.proersa.com\/fra\/#\/schema\/logo\/image\/\"}}]}<\/script>\n<!-- \/ Yoast SEO plugin. -->","yoast_head_json":{"title":"Contact - Fabrication &amp; Conditionnement d&#039;a\u00e9rosols","robots":{"index":"index","follow":"follow","max-snippet":"max-snippet:-1","max-image-preview":"max-image-preview:large","max-video-preview":"max-video-preview:-1"},"canonical":"https:\/\/www.proersa.com\/fra\/contact\/","og_locale":"fr_FR","og_type":"article","og_title":"Contact - Fabrication &amp; Conditionnement d&#039;a\u00e9rosols","og_description":"POUVONS-NOUS VOUS AIDER ? N&rsquo;H\u00c9SITEZ PAS \u00c0 NOUS CONTACTER USINE ET ENTREP\u00d4TPol\u00edgono Industrial \u00ab\u00a0Sesrovires\u00a0\u00bbC\/ Ricardo de la Cierva, 9-1108635 Sant [&hellip;]","og_url":"https:\/\/www.proersa.com\/fra\/contact\/","og_site_name":"Fabrication &amp; Conditionnement d&#039;a\u00e9rosols","article_modified_time":"2023-12-04T21:12:47+00:00","og_image":[{"url":"http:\/\/www.proersa.com\/fra\/wp-content\/uploads\/sites\/4\/2018\/11\/map.jpg","type":"","width":"","height":""}],"twitter_card":"summary_large_image","twitter_misc":{"Dur\u00e9e de lecture estim\u00e9e":"1 minute"},"schema":{"@context":"https:\/\/schema.org","@graph":[{"@type":"WebPage","@id":"https:\/\/www.proersa.com\/fra\/contact\/","url":"https:\/\/www.proersa.com\/fra\/contact\/","name":"Contact - Fabrication &amp; Conditionnement d&#039;a\u00e9rosols","isPartOf":{"@id":"https:\/\/www.proersa.com\/fra\/#website"},"primaryImageOfPage":{"@id":"https:\/\/www.proersa.com\/fra\/contact\/#primaryimage"},"image":{"@id":"https:\/\/www.proersa.com\/fra\/contact\/#primaryimage"},"thumbnailUrl":"http:\/\/www.proersa.com\/fra\/wp-content\/uploads\/sites\/4\/2018\/11\/map.jpg","datePublished":"2018-11-12T15:31:59+00:00","dateModified":"2023-12-04T21:12:47+00:00","breadcrumb":{"@id":"https:\/\/www.proersa.com\/fra\/contact\/#breadcrumb"},"inLanguage":"fr-FR","potentialAction":[{"@type":"ReadAction","target":["https:\/\/www.proersa.com\/fra\/contact\/"]}]},{"@type":"ImageObject","inLanguage":"fr-FR","@id":"https:\/\/www.proersa.com\/fra\/contact\/#primaryimage","url":"http:\/\/www.proersa.com\/fra\/wp-content\/uploads\/sites\/4\/2018\/11\/map.jpg","contentUrl":"http:\/\/www.proersa.com\/fra\/wp-content\/uploads\/sites\/4\/2018\/11\/map.jpg"},{"@type":"BreadcrumbList","@id":"https:\/\/www.proersa.com\/fra\/contact\/#breadcrumb","itemListElement":[{"@type":"ListItem","position":1,"name":"Portada","item":"https:\/\/www.proersa.com\/fra\/"},{"@type":"ListItem","position":2,"name":"Contact"}]},{"@type":"WebSite","@id":"https:\/\/www.proersa.com\/fra\/#website","url":"https:\/\/www.proersa.com\/fra\/","name":"Fabrication &amp; Conditionnement d&#039;a\u00e9rosols","description":"Proersa Aerosoles - fabricant d\u2019a\u00e9rosols - sous traitance industrielle pour vos produits cosm\u00e9tiques","publisher":{"@id":"https:\/\/www.proersa.com\/fra\/#organization"},"potentialAction":[{"@type":"SearchAction","target":{"@type":"EntryPoint","urlTemplate":"https:\/\/www.proersa.com\/fra\/?s={search_term_string}"},"query-input":{"@type":"PropertyValueSpecification","valueRequired":true,"valueName":"search_term_string"}}],"inLanguage":"fr-FR"},{"@type":"Organization","@id":"https:\/\/www.proersa.com\/fra\/#organization","name":"Fabrication &amp; Conditionnement d&#039;a\u00e9rosols","url":"https:\/\/www.proersa.com\/fra\/","logo":{"@type":"ImageObject","inLanguage":"fr-FR","@id":"https:\/\/www.proersa.com\/fra\/#\/schema\/logo\/image\/","url":"http:\/\/www.proersa.com\/fra\/wp-content\/uploads\/sites\/4\/2019\/01\/Proersa_logo_aerosoles50_aniversary.jpg","contentUrl":"http:\/\/www.proersa.com\/fra\/wp-content\/uploads\/sites\/4\/2019\/01\/Proersa_logo_aerosoles50_aniversary.jpg","width":263,"height":63,"caption":"Fabrication &amp; Conditionnement d&#039;a\u00e9rosols"},"image":{"@id":"https:\/\/www.proersa.com\/fra\/#\/schema\/logo\/image\/"}}]}},"_links":{"self":[{"href":"http:\/\/www.proersa.com\/fra\/wp-json\/wp\/v2\/pages\/28","targetHints":{"allow":["GET"]}}],"collection":[{"href":"http:\/\/www.proersa.com\/fra\/wp-json\/wp\/v2\/pages"}],"about":[{"href":"http:\/\/www.proersa.com\/fra\/wp-json\/wp\/v2\/types\/page"}],"author":[{"embeddable":true,"href":"http:\/\/www.proersa.com\/fra\/wp-json\/wp\/v2\/users\/1"}],"replies":[{"embeddable":true,"href":"http:\/\/www.proersa.com\/fra\/wp-json\/wp\/v2\/comments?post=28"}],"version-history":[{"count":10,"href":"http:\/\/www.proersa.com\/fra\/wp-json\/wp\/v2\/pages\/28\/revisions"}],"predecessor-version":[{"id":838,"href":"http:\/\/www.proersa.com\/fra\/wp-json\/wp\/v2\/pages\/28\/revisions\/838"}],"wp:attachment":[{"href":"http:\/\/www.proersa.com\/fra\/wp-json\/wp\/v2\/media?parent=28"}],"curies":[{"name":"wp","href":"https:\/\/api.w.org\/{rel}","templated":true}]}}