{"id":26,"date":"2018-11-12T15:30:58","date_gmt":"2018-11-12T15:30:58","guid":{"rendered":"http:\/\/www.proersa.com\/fra\/?page_id=26"},"modified":"2021-02-18T09:49:04","modified_gmt":"2021-02-18T09:49:04","slug":"home","status":"publish","type":"page","link":"http:\/\/www.proersa.com\/fra\/","title":{"rendered":"Accueil"},"content":{"rendered":"<div style=\"background-color: #ffffff;width: 100%;height: 20px\"><\/div>\n<div class=\"main-title\">\n<h1>FABRICANT ET CONDITIONNEUR D&rsquo;AEROSOLS DEPUIS 1969<br \/>\nEXCLUSIVEMENT PRIVATE LABEL<\/h1>\n<\/div>\n<div class=\"main-content\">\n<h3>Nous sommes un <strong>fabricant d&rsquo;a\u00e9rosols<\/strong> avec plus de <strong>50 ans d&rsquo;exp\u00e9rience<\/strong>, toute cette exp\u00e9rience et le soutien de nos clients nous garantissent. Si vous recherchez un <strong> fabricant et conditionneur pour<\/strong>\u00a0une <strong>sous-traitance de fabrication de spray<\/strong>, nous sommes votre fournisseur, nous vous accompagnerons tout au long du processus de d\u00e9veloppement d&rsquo;un a\u00e9rosol, du R &amp; D en passant par les r\u00e9glementations l\u00e9gales et la conception jusqu&rsquo;\u00e0 la fabrication du produit. Tout ce processus en tenant compte de la qualit\u00e9 du produit et de la flexibilit\u00e9 de la cha\u00eene d&rsquo;approvisionnement.<\/h3>\n<\/div>\n<div style=\"width: 100%;height: 2em\"><\/div>\n<div class=\"main-title\">\n<h2>QUELS SONT NOS ENGAGEMENTS? COMMENT PROERSA PEUT VOUS AIDER?<\/h2>\n<\/div>\n<div class=\"main-line\" style=\"color: #bbbbbb; width: 30%;\">\n<hr \/>\n<\/div>\n<div class=\"main-content\">\n<h3>\n<ul style=\"list-style-type: circle; line-height: 2;\">\n<li>Experts dans le d\u00e9veloppement de nouveaux produits (accompagnement tout au long du processus)<\/li>\n<li>D\u00e9lai de livraison entre 6 et 8 semaines<\/li>\n<li>Nous assurons votre cha\u00eene d&rsquo;approvisionnement (supply chain)<\/li>\n<\/ul>\n<\/h3>\n<\/div>\n<div class=\"box2coltextimage-title\" style=\"background-color: #d9d9d9\">\n<h2>PLUSIEURS SECTEURS D&rsquo;APPLICATION<\/h2>\n<\/div>\n<div class=\"two-images\" style=\"background-color: #f9f9f9\">\n<div class=\"main-content\" style=\"width: 49%;float: left\">\n<div class=\"portafolio\">\n<h3><img decoding=\"async\" class=\"portafolio-image\" src=\"http:\/\/www.proersa.com\/fra\/wp-content\/uploads\/sites\/4\/2020\/04\/20200203-produits-cosmetiques-fra.png\" alt=\"l\u00ednea Cosm\u00e9tica\" \/><\/h3>\n<div class=\"portafolio-text\">\n<div class=\"portafolio-title\" style=\"width: 100%\">Produits COSM\u00c9TIQUES<\/div>\n<div class=\"portafolio-description\" style=\"width: 100%\">Ligne de produits pour la toilette et soins personnels.<\/div>\n<div class=\"portafolio-list\" style=\"width: 100%\">\n<ul>\n<li>Hair Styling: laques, spray texturisant<\/li>\n<li>Hair Care: retouche racine, mousse colorante<\/li>\n<li>Male Grooming: Mousses \u00e0 raser, gel de rasage<\/li>\n<li>D\u00e9odorants: alcoolique, antitranspirant<\/li>\n<li>Douche: Mousse, gel<\/li>\n<li>Brumisateur eau thermale<\/li>\n<li>Protection solaire<\/li>\n<li>Mousse cr\u00e9pitante<\/li>\n<\/ul>\n<\/div>\n<\/div>\n<\/div>\n<\/div>\n<div class=\"main-content\" style=\"width: 49%;float: right;margin-right: 2%\">\n<div class=\"portafolio\">\n<h3><img decoding=\"async\" class=\"portafolio-image\" src=\"http:\/\/www.proersa.com\/fra\/wp-content\/uploads\/sites\/4\/2020\/04\/20200203-produits-domestiques-fra.png\" alt=\"l\u00ednea Hogar\" \/><\/h3>\n<div class=\"portafolio-text\">\n<div class=\"portafolio-title\" style=\"width: 100%\">Produits DOMESTIQUES<\/div>\n<div class=\"portafolio-description\" style=\"width: 100%\">Ligne de produits pour le nettoyage et l\u2019entretien de la maison.<\/div>\n<div class=\"portafolio-list\" style=\"width: 100%\">\n<ul>\n<li>Spray assainissant hydro-alcoolique<\/li>\n<li>Parfums d\u2019ambiance, D\u00e9sodorisants<\/li>\n<li>Nettoyants et lustrants pour meubles<\/li>\n<li>Nettoyants multi-usage et vitres<\/li>\n<li>Nettoyants tissus et tapis<\/li>\n<li>Nettoyants sols<\/li>\n<li>Blanchisseurs de joints<\/li>\n<li>Nettoyants pour fours, D\u00e9tachants<\/li>\n<\/ul>\n<\/div>\n<\/div>\n<\/div>\n<\/div>\n<\/div>\n<div style=\"background-color: #ffffff;width: 100%;height: 1em\"><\/div>\n<div class=\"main-content\">\n<div class=\"boto-demanar-ara\">\n<h2><a href=\"http:\/\/www.proersa.com\/fra\/produits\/\" rel=\"home\">Voir plus de secteurs<\/a><\/h2>\n<\/div>\n<\/div>\n<div style=\"background-color: #ffffff;width: 100%;height: 2em\"><\/div>\n<div class=\"main-image\" style=\"padding: 2em 0px 2em 0px\"><img decoding=\"async\" class=\"image\" src=\"http:\/\/www.proersa.com\/fra\/wp-content\/uploads\/sites\/4\/2019\/01\/landing_image_fra.jpg\" alt=\"l\u00ednea producci\u00f3n f\u00e1brica Proersa\" \/><\/div>\n<div class=\"main-content\">\n<h3><strong>PROERSA AEROSOLES, S.A.U. est une entreprise leader, sur le march\u00e9 espagnol et en constante croissance en France, du conditionnement d\u2019aerosol<\/strong>. Notre savoir-faire est reconnu dans ces 3 domaines: la conception, la fabrication et le conditionnement d\u2019aerosols. Depuis 1969, nous sommes d\u00e9di\u00e9s exclusivement au private label.<\/h3>\n<\/div>\n<div class=\"main-image\" style=\"padding: 2em 0px 2em 0px\"><img decoding=\"async\" class=\"image\" src=\"http:\/\/www.proersa.com\/fra\/wp-content\/uploads\/sites\/4\/2020\/04\/labels_ecocert_private2.png\" alt=\"ecocert, cosmos natural, private label\" \/><\/div>\n<div style=\"background-color: #ffffff;width: 100%;height: 2em\"><\/div>\n","protected":false},"excerpt":{"rendered":"<p>FABRICANT ET CONDITIONNEUR D&rsquo;AEROSOLS DEPUIS 1969 EXCLUSIVEMENT PRIVATE LABEL Nous sommes un fabricant d&rsquo;a\u00e9rosols avec plus de 50 ans d&rsquo;exp\u00e9rience, [&hellip;]<\/p>\n","protected":false},"author":1,"featured_media":0,"parent":0,"menu_order":0,"comment_status":"closed","ping_status":"closed","template":"","meta":{"footnotes":""},"class_list":["post-26","page","type-page","status-publish","hentry"],"yoast_head":"<!-- This site is optimized with the Yoast SEO plugin v26.7 - https:\/\/yoast.com\/wordpress\/plugins\/seo\/ -->\n<title>Fabrication et conditionnement d&#039;a\u00e9rosols - Proersa<\/title>\n<meta name=\"description\" content=\"Fabrication et conditionnement d&#039;a\u00e9rosols \u00e0 Barcelone. MOQ: 10.000 pi\u00e8ces. Sp\u00e9cialiste de la cosm\u00e9tique et MDD. Certififi\u00e9 Ecocert Cosmos\" \/>\n<meta name=\"robots\" content=\"index, follow, max-snippet:-1, max-image-preview:large, max-video-preview:-1\" \/>\n<link rel=\"canonical\" href=\"https:\/\/www.proersa.com\/fra\/\" \/>\n<meta property=\"og:locale\" content=\"fr_FR\" \/>\n<meta property=\"og:type\" content=\"article\" \/>\n<meta property=\"og:title\" content=\"Fabrication et conditionnement d&#039;a\u00e9rosols - Proersa\" \/>\n<meta property=\"og:description\" content=\"Fabrication et conditionnement d&#039;a\u00e9rosols \u00e0 Barcelone. MOQ: 10.000 pi\u00e8ces. Sp\u00e9cialiste de la cosm\u00e9tique et MDD. Certififi\u00e9 Ecocert Cosmos\" \/>\n<meta property=\"og:url\" content=\"https:\/\/www.proersa.com\/fra\/\" \/>\n<meta property=\"og:site_name\" content=\"Fabrication &amp; Conditionnement d&#039;a\u00e9rosols\" \/>\n<meta property=\"article:modified_time\" content=\"2021-02-18T09:49:04+00:00\" \/>\n<meta property=\"og:image\" content=\"http:\/\/www.proersa.com\/fra\/wp-content\/uploads\/sites\/4\/2020\/04\/20200203-produits-cosmetiques-fra.png\" \/>\n<meta name=\"twitter:card\" content=\"summary_large_image\" \/>\n<meta name=\"twitter:label1\" content=\"Dur\u00e9e de lecture estim\u00e9e\" \/>\n\t<meta name=\"twitter:data1\" content=\"1 minute\" \/>\n<script type=\"application\/ld+json\" class=\"yoast-schema-graph\">{\"@context\":\"https:\/\/schema.org\",\"@graph\":[{\"@type\":\"WebPage\",\"@id\":\"https:\/\/www.proersa.com\/fra\/\",\"url\":\"https:\/\/www.proersa.com\/fra\/\",\"name\":\"Fabrication et conditionnement d'a\u00e9rosols - Proersa\",\"isPartOf\":{\"@id\":\"https:\/\/www.proersa.com\/fra\/#website\"},\"primaryImageOfPage\":{\"@id\":\"https:\/\/www.proersa.com\/fra\/#primaryimage\"},\"image\":{\"@id\":\"https:\/\/www.proersa.com\/fra\/#primaryimage\"},\"thumbnailUrl\":\"http:\/\/www.proersa.com\/fra\/wp-content\/uploads\/sites\/4\/2020\/04\/20200203-produits-cosmetiques-fra.png\",\"datePublished\":\"2018-11-12T15:30:58+00:00\",\"dateModified\":\"2021-02-18T09:49:04+00:00\",\"description\":\"Fabrication et conditionnement d'a\u00e9rosols \u00e0 Barcelone. MOQ: 10.000 pi\u00e8ces. Sp\u00e9cialiste de la cosm\u00e9tique et MDD. Certififi\u00e9 Ecocert Cosmos\",\"breadcrumb\":{\"@id\":\"https:\/\/www.proersa.com\/fra\/#breadcrumb\"},\"inLanguage\":\"fr-FR\",\"potentialAction\":[{\"@type\":\"ReadAction\",\"target\":[\"https:\/\/www.proersa.com\/fra\/\"]}]},{\"@type\":\"ImageObject\",\"inLanguage\":\"fr-FR\",\"@id\":\"https:\/\/www.proersa.com\/fra\/#primaryimage\",\"url\":\"http:\/\/www.proersa.com\/fra\/wp-content\/uploads\/sites\/4\/2020\/04\/20200203-produits-cosmetiques-fra.png\",\"contentUrl\":\"http:\/\/www.proersa.com\/fra\/wp-content\/uploads\/sites\/4\/2020\/04\/20200203-produits-cosmetiques-fra.png\",\"width\":140,\"height\":250},{\"@type\":\"BreadcrumbList\",\"@id\":\"https:\/\/www.proersa.com\/fra\/#breadcrumb\",\"itemListElement\":[{\"@type\":\"ListItem\",\"position\":1,\"name\":\"Portada\",\"item\":\"https:\/\/www.proersa.com\/fra\/\"},{\"@type\":\"ListItem\",\"position\":2,\"name\":\"Accueil\"}]},{\"@type\":\"WebSite\",\"@id\":\"https:\/\/www.proersa.com\/fra\/#website\",\"url\":\"https:\/\/www.proersa.com\/fra\/\",\"name\":\"Fabrication &amp; Conditionnement d&#039;a\u00e9rosols\",\"description\":\"Proersa Aerosoles - fabricant d\u2019a\u00e9rosols - sous traitance industrielle pour vos produits cosm\u00e9tiques\",\"publisher\":{\"@id\":\"https:\/\/www.proersa.com\/fra\/#organization\"},\"potentialAction\":[{\"@type\":\"SearchAction\",\"target\":{\"@type\":\"EntryPoint\",\"urlTemplate\":\"https:\/\/www.proersa.com\/fra\/?s={search_term_string}\"},\"query-input\":{\"@type\":\"PropertyValueSpecification\",\"valueRequired\":true,\"valueName\":\"search_term_string\"}}],\"inLanguage\":\"fr-FR\"},{\"@type\":\"Organization\",\"@id\":\"https:\/\/www.proersa.com\/fra\/#organization\",\"name\":\"Fabrication &amp; Conditionnement d&#039;a\u00e9rosols\",\"url\":\"https:\/\/www.proersa.com\/fra\/\",\"logo\":{\"@type\":\"ImageObject\",\"inLanguage\":\"fr-FR\",\"@id\":\"https:\/\/www.proersa.com\/fra\/#\/schema\/logo\/image\/\",\"url\":\"http:\/\/www.proersa.com\/fra\/wp-content\/uploads\/sites\/4\/2019\/01\/Proersa_logo_aerosoles50_aniversary.jpg\",\"contentUrl\":\"http:\/\/www.proersa.com\/fra\/wp-content\/uploads\/sites\/4\/2019\/01\/Proersa_logo_aerosoles50_aniversary.jpg\",\"width\":263,\"height\":63,\"caption\":\"Fabrication &amp; Conditionnement d&#039;a\u00e9rosols\"},\"image\":{\"@id\":\"https:\/\/www.proersa.com\/fra\/#\/schema\/logo\/image\/\"}}]}<\/script>\n<!-- \/ Yoast SEO plugin. -->","yoast_head_json":{"title":"Fabrication et conditionnement d'a\u00e9rosols - Proersa","description":"Fabrication et conditionnement d'a\u00e9rosols \u00e0 Barcelone. MOQ: 10.000 pi\u00e8ces. Sp\u00e9cialiste de la cosm\u00e9tique et MDD. Certififi\u00e9 Ecocert Cosmos","robots":{"index":"index","follow":"follow","max-snippet":"max-snippet:-1","max-image-preview":"max-image-preview:large","max-video-preview":"max-video-preview:-1"},"canonical":"https:\/\/www.proersa.com\/fra\/","og_locale":"fr_FR","og_type":"article","og_title":"Fabrication et conditionnement d'a\u00e9rosols - Proersa","og_description":"Fabrication et conditionnement d'a\u00e9rosols \u00e0 Barcelone. MOQ: 10.000 pi\u00e8ces. Sp\u00e9cialiste de la cosm\u00e9tique et MDD. Certififi\u00e9 Ecocert Cosmos","og_url":"https:\/\/www.proersa.com\/fra\/","og_site_name":"Fabrication &amp; Conditionnement d&#039;a\u00e9rosols","article_modified_time":"2021-02-18T09:49:04+00:00","og_image":[{"url":"http:\/\/www.proersa.com\/fra\/wp-content\/uploads\/sites\/4\/2020\/04\/20200203-produits-cosmetiques-fra.png","type":"","width":"","height":""}],"twitter_card":"summary_large_image","twitter_misc":{"Dur\u00e9e de lecture estim\u00e9e":"1 minute"},"schema":{"@context":"https:\/\/schema.org","@graph":[{"@type":"WebPage","@id":"https:\/\/www.proersa.com\/fra\/","url":"https:\/\/www.proersa.com\/fra\/","name":"Fabrication et conditionnement d'a\u00e9rosols - Proersa","isPartOf":{"@id":"https:\/\/www.proersa.com\/fra\/#website"},"primaryImageOfPage":{"@id":"https:\/\/www.proersa.com\/fra\/#primaryimage"},"image":{"@id":"https:\/\/www.proersa.com\/fra\/#primaryimage"},"thumbnailUrl":"http:\/\/www.proersa.com\/fra\/wp-content\/uploads\/sites\/4\/2020\/04\/20200203-produits-cosmetiques-fra.png","datePublished":"2018-11-12T15:30:58+00:00","dateModified":"2021-02-18T09:49:04+00:00","description":"Fabrication et conditionnement d'a\u00e9rosols \u00e0 Barcelone. MOQ: 10.000 pi\u00e8ces. Sp\u00e9cialiste de la cosm\u00e9tique et MDD. Certififi\u00e9 Ecocert Cosmos","breadcrumb":{"@id":"https:\/\/www.proersa.com\/fra\/#breadcrumb"},"inLanguage":"fr-FR","potentialAction":[{"@type":"ReadAction","target":["https:\/\/www.proersa.com\/fra\/"]}]},{"@type":"ImageObject","inLanguage":"fr-FR","@id":"https:\/\/www.proersa.com\/fra\/#primaryimage","url":"http:\/\/www.proersa.com\/fra\/wp-content\/uploads\/sites\/4\/2020\/04\/20200203-produits-cosmetiques-fra.png","contentUrl":"http:\/\/www.proersa.com\/fra\/wp-content\/uploads\/sites\/4\/2020\/04\/20200203-produits-cosmetiques-fra.png","width":140,"height":250},{"@type":"BreadcrumbList","@id":"https:\/\/www.proersa.com\/fra\/#breadcrumb","itemListElement":[{"@type":"ListItem","position":1,"name":"Portada","item":"https:\/\/www.proersa.com\/fra\/"},{"@type":"ListItem","position":2,"name":"Accueil"}]},{"@type":"WebSite","@id":"https:\/\/www.proersa.com\/fra\/#website","url":"https:\/\/www.proersa.com\/fra\/","name":"Fabrication &amp; Conditionnement d&#039;a\u00e9rosols","description":"Proersa Aerosoles - fabricant d\u2019a\u00e9rosols - sous traitance industrielle pour vos produits cosm\u00e9tiques","publisher":{"@id":"https:\/\/www.proersa.com\/fra\/#organization"},"potentialAction":[{"@type":"SearchAction","target":{"@type":"EntryPoint","urlTemplate":"https:\/\/www.proersa.com\/fra\/?s={search_term_string}"},"query-input":{"@type":"PropertyValueSpecification","valueRequired":true,"valueName":"search_term_string"}}],"inLanguage":"fr-FR"},{"@type":"Organization","@id":"https:\/\/www.proersa.com\/fra\/#organization","name":"Fabrication &amp; Conditionnement d&#039;a\u00e9rosols","url":"https:\/\/www.proersa.com\/fra\/","logo":{"@type":"ImageObject","inLanguage":"fr-FR","@id":"https:\/\/www.proersa.com\/fra\/#\/schema\/logo\/image\/","url":"http:\/\/www.proersa.com\/fra\/wp-content\/uploads\/sites\/4\/2019\/01\/Proersa_logo_aerosoles50_aniversary.jpg","contentUrl":"http:\/\/www.proersa.com\/fra\/wp-content\/uploads\/sites\/4\/2019\/01\/Proersa_logo_aerosoles50_aniversary.jpg","width":263,"height":63,"caption":"Fabrication &amp; Conditionnement d&#039;a\u00e9rosols"},"image":{"@id":"https:\/\/www.proersa.com\/fra\/#\/schema\/logo\/image\/"}}]}},"_links":{"self":[{"href":"http:\/\/www.proersa.com\/fra\/wp-json\/wp\/v2\/pages\/26","targetHints":{"allow":["GET"]}}],"collection":[{"href":"http:\/\/www.proersa.com\/fra\/wp-json\/wp\/v2\/pages"}],"about":[{"href":"http:\/\/www.proersa.com\/fra\/wp-json\/wp\/v2\/types\/page"}],"author":[{"embeddable":true,"href":"http:\/\/www.proersa.com\/fra\/wp-json\/wp\/v2\/users\/1"}],"replies":[{"embeddable":true,"href":"http:\/\/www.proersa.com\/fra\/wp-json\/wp\/v2\/comments?post=26"}],"version-history":[{"count":84,"href":"http:\/\/www.proersa.com\/fra\/wp-json\/wp\/v2\/pages\/26\/revisions"}],"predecessor-version":[{"id":802,"href":"http:\/\/www.proersa.com\/fra\/wp-json\/wp\/v2\/pages\/26\/revisions\/802"}],"wp:attachment":[{"href":"http:\/\/www.proersa.com\/fra\/wp-json\/wp\/v2\/media?parent=26"}],"curies":[{"name":"wp","href":"https:\/\/api.w.org\/{rel}","templated":true}]}}