{"id":52,"date":"2018-11-14T10:36:22","date_gmt":"2018-11-14T10:36:22","guid":{"rendered":"http:\/\/www.proersa.com\/cat\/?page_id=52"},"modified":"2020-03-23T18:06:22","modified_gmt":"2020-03-23T18:06:22","slug":"productes","status":"publish","type":"page","link":"http:\/\/www.proersa.com\/cat\/productes\/","title":{"rendered":"Productes"},"content":{"rendered":"<div style=\"background-color: #ffffff; width: 100%; height: 20px;\"><\/div>\n<div class=\"products-left-side\">\n<div class=\"main-title\">\n<h1>ENVASEM AEROSOLS<br \/>PER A UNA \u00c0MPLIA GAMMA DE PRODUCTES<\/h1>\n<\/div>\n<div class=\"main-content\">\n<h3 style=\"width: 100%;\">Tots els productes s\u00f3n personalitzables tant per a gran consum com per a la l\u00ednia professional i segmentables en funci\u00f3 del camp d&#8217;aplicaci\u00f3.<\/h3>\n<\/div>\n<div style=\"background-color: #ffffff;width: 100%;height: 2em\"><\/div>\n<div class=\"main-title\">\n<h2>LES CLAUS QUE PODEN AJUDAR-TE<\/h2>\n<\/div>\n<div class=\"main-line\" style=\"color: #bbbbbb; width: 60%;\">\n<hr \/>\n<\/div>\n<div class=\"main-content\">\n<h3>\n<ul style=\"list-style-type: circle; line-height: 2;\">\n<li>assegurem la teva cadena de subministrament (supply chain)<\/li>\n<li>Prove\u00efdor on-time dels productes acabats<\/li>\n<li>Efici\u00e8ncia mitjan\u00e7ant un cicle d&#8217;aprovisionament amb prove\u00efdors de proximitat<br \/>\n<h5 style=\"margin-top: 0px !important; font-style: oblique;\">Disposem d&#8217;un aprovisionament eficient i amb la major part dels nostres prove\u00efdors en un radi de 50 Km.<\/h5>\n<\/li>\n<li>Flexibilitat en la producci\u00f3<\/li>\n<li>Flexibilitat en la fabricaci\u00f3<br \/>\n<h5 style=\"margin-top: 0px !important; font-style: oblique;\">La nostra gesti\u00f3 de la fabricaci\u00f3 ens dota de gran flexibilitat, permetent m\u00e9s de 1.000 canvis de l\u00ednia per any.<\/h5>\n<\/li>\n<li>Disposem d&#8217;unes 5000 refer\u00e8ncies de productes ja creades.<\/li>\n<li>Acompanyem al client en el proc\u00e9s de desenvolupament del producte<br \/>\n<h5 style=\"margin-top: 0px !important; font-style: oblique; width: 80%;\">Si el client ho desitja, la nostra empresa s&#8217;involucra en tots els aspectes del desenvolupament del producte, des de la producci\u00f3 fins a la qualitat en el mercat dest\u00ed, passant pels aspectes legals o mediambientals entre d&#8217;altres.<\/h5>\n<\/li>\n<\/ul>\n<\/h3>\n<\/div>\n<div style=\"background-color: #ffffff; width: 100%; height: 1em;\"><\/div>\n<div class=\"portafolio\">\n<h3>\n<img decoding=\"async\" class=\"portafolio-image\" src=\"http:\/\/www.proersa.com\/cat\/wp-content\/uploads\/sites\/7\/2019\/01\/cosmetica_cat.jpg\" alt=\"l\u00ednia Cosm\u00e8tica\" \/><\/p>\n<div class=\"portafolio-text\">\n<div class=\"portafolio-title\">l\u00ednia COSM\u00c8TICA<\/div>\n<div class=\"portafolio-description\">L\u00ednia de productes destinada a la cura o neteja personal.<\/div>\n<div class=\"portafolio-list\">\n<ul>\n<li>Laques, Esprai fixador<\/li>\n<li>Escumes<\/li>\n<li>Cremes hidratants<\/li>\n<li>Espumes d\u2019afeitar<\/li>\n<li>Brillantines, Desodorants<\/li>\n<li>Mousses depilat\u00f2ries<\/li>\n<li>Protectors solars<\/li>\n<li>Bronzejadors, Maquillatges<\/li>\n<\/ul>\n<\/div>\n<\/div>\n<\/h3>\n<\/div>\n<hr class=\"portafolio-baseline\" style=\"\" \/>\n<hr class=\"portafolio-topline\" style=\"\" \/>\n<div style=\"background-color: #ffffff; width: 100%; height: 2em;\"><\/div>\n<div class=\"portafolio\">\n<h3>\n<img decoding=\"async\" class=\"portafolio-image\" src=\"http:\/\/www.proersa.com\/cat\/wp-content\/uploads\/sites\/7\/2019\/01\/llar_cat.jpg\" alt=\"l\u00ednia Llar\" \/><\/p>\n<div class=\"portafolio-text\">\n<div class=\"portafolio-title\">l\u00ednia LLAR<\/div>\n<div class=\"portafolio-description\">L\u00ednia de productes per a la neteja i el manteniment de la llar.<\/div>\n<div class=\"portafolio-list\">\n<ul>\n<li>Ambientadors, Lleva olors<\/li>\n<li>Abrillantadors i Neteja mobles<\/li>\n<li>Multiusos i Netejavidres<\/li>\n<li>Neteja tapisseries i catifes<\/li>\n<li>Esprai de tir\u00e0s<\/li>\n<li>Blanquejadors de juntes<\/li>\n<li>Neteja forns, Llevataques<\/li>\n<li>Abrillantadors de plantes<\/li>\n<\/ul>\n<\/div>\n<\/div>\n<\/h3>\n<\/div>\n<hr class=\"portafolio-baseline\" style=\"\" \/>\n<hr class=\"portafolio-topline\" style=\"\" \/>\n<div style=\"background-color: #ffffff; width: 100%; height: 2em;\"><\/div>\n<div class=\"portafolio\">\n<h3>\n<img decoding=\"async\" class=\"portafolio-image\" src=\"http:\/\/www.proersa.com\/cat\/wp-content\/uploads\/sites\/7\/2019\/01\/industrial_automocio_cat.jpg\" alt=\"Industrial i automoci\u00f3\" \/><\/p>\n<div class=\"portafolio-text\">\n<div class=\"portafolio-title\">INDUSTRIAL i AUTOMOCI\u00d3<\/div>\n<div class=\"portafolio-description\">L\u00ednia de productes per al manteniment i neteja.<\/div>\n<div class=\"portafolio-list\">\n<ul>\n<li>Olis lubrificants<\/li>\n<li>Silicones desemmotllants<\/li>\n<li>Greixos lubrificants<\/li>\n<li>Silicones per a la protecci\u00f3 de soldaduresr<\/li>\n<li>Reparadors de punxades, Descongeladors<\/li>\n<li>Antivafs, Antihumitats, Neteja llantes<\/li>\n<li>Neteja tapisseries, Neteja taulers de control<\/li>\n<li>Desgreixadors<\/li>\n<\/ul>\n<\/div>\n<\/div>\n<\/h3>\n<\/div>\n<hr class=\"portafolio-baseline\" style=\"\" \/>\n<hr class=\"portafolio-topline\" style=\"\" \/>\n<div style=\"background-color: #ffffff; width: 100%; height: 2em;\"><\/div>\n<div class=\"portafolio\">\n<h3>\n<img decoding=\"async\" class=\"portafolio-image\" src=\"http:\/\/www.proersa.com\/cat\/wp-content\/uploads\/sites\/7\/2019\/01\/insecticides_cat.jpg\" alt=\"Insecticides\" \/><\/p>\n<div class=\"portafolio-text\">\n<div class=\"portafolio-title\">INSECTICIDES<\/div>\n<div class=\"portafolio-description\">L\u00ednia de productes destinada a l\u2019extermini de diferents tipus d\u2019insectes.<\/div>\n<div class=\"portafolio-list\">\n<ul>\n<li>Escarabats<\/li>\n<li>Mosquits tigre<\/li>\n<li>Formigues, Vespes<\/li>\n<li>Anti\u00e0cars<\/li>\n<li>Xinxes i puces<\/li>\n<li>Matacorcs<\/li>\n<li>Desinfecci\u00f3 DT (Desc\u00e0rrega Total)<\/li>\n<li>Voladors<\/li>\n<\/ul>\n<\/div>\n<\/div>\n<\/h3>\n<\/div>\n<hr class=\"portafolio-baseline\" style=\"\" \/>\n<hr class=\"portafolio-topline\" style=\"\" \/>\n<div style=\"background-color: #ffffff; width: 100%; height: 2em;\"><\/div>\n<div class=\"portafolio\">\n<h3>\n<img decoding=\"async\" class=\"portafolio-image\" src=\"http:\/\/www.proersa.com\/cat\/wp-content\/uploads\/sites\/7\/2019\/01\/productes_especials_cat.jpg\" alt=\"Productes Especials\" \/><\/p>\n<div class=\"portafolio-text\">\n<div class=\"portafolio-title\">Productes ESPECIALS<\/div>\n<div class=\"portafolio-description\">L\u00ednia de productes amb funcions molt espec\u00edfiques.<\/div>\n<div class=\"portafolio-list\">\n<ul>\n<li>Manteniment i neteja d\u2019ordinadors<\/li>\n<li>Productes de neteja d\u2019audi\u00f2fons<\/li>\n<li>Productes de neteja i desinfecci\u00f3 d\u2019animals<\/li>\n<li>Aire comprimit<\/li>\n<\/ul>\n<\/div>\n<\/div>\n<\/h3>\n<\/div>\n<hr class=\"portafolio-baseline\" style=\"\" \/>\n<hr class=\"portafolio-topline\" style=\"\" \/>\n<div style=\"background-color: #ffffff; width: 100%; height: 2em;\"><\/div>\n<div class=\"portafolio\">\n<h3>\n<img decoding=\"async\" class=\"portafolio-image\" src=\"http:\/\/www.proersa.com\/cat\/wp-content\/uploads\/sites\/7\/2019\/01\/productes_personalitzats_cat.jpg\" alt=\"Productes Personalitzats\" \/><\/p>\n<div class=\"portafolio-text\">\n<div class=\"portafolio-title\">Productes PERSONALITZATS<\/div>\n<div class=\"portafolio-description\">Des del nostre laboratori, i en estreta col\u00b7laboraci\u00f3 amb el client, desenvolupem nous productes i contribuim a millorar-ne els existents. El nostre expert equip de professionals garanteix la m\u00e0xima confidencialitat, efic\u00e0cia i dedicaci\u00f3 per obtenir el producte desitjat.<\/div>\n<div class=\"portafolio-list\">\n<ul>\n<\/ul>\n<\/div>\n<\/div>\n<\/h3>\n<\/div>\n<hr class=\"portafolio-baseline\" style=\"\" \/>\n<hr class=\"portafolio-topline\" style=\"\" \/>\n<\/div>\n<div class=\"products-right-side\">\n<div style=\"background-color: #ffffff; width: 100%; height: 10em;\"><\/div>\n<p><img decoding=\"async\" class=\"portafolio-banner-image\" src=\"http:\/\/www.proersa.com\/wp-content\/uploads\/2019\/03\/banner_Bov01.jpg\" alt=\"Bag On Valve\" \/>\n<\/div>\n<div style=\"background-color: #ffffff; width: 100%; height: 4em;\"><\/div>\n","protected":false},"excerpt":{"rendered":"<p>ENVASEM AEROSOLSPER A UNA \u00c0MPLIA GAMMA DE PRODUCTES Tots els productes s\u00f3n personalitzables tant per a gran consum com per [&hellip;]<\/p>\n","protected":false},"author":1,"featured_media":0,"parent":0,"menu_order":0,"comment_status":"closed","ping_status":"closed","template":"","meta":{"footnotes":""},"class_list":["post-52","page","type-page","status-publish","hentry"],"yoast_head":"<!-- This site is optimized with the Yoast SEO plugin v26.7 - https:\/\/yoast.com\/wordpress\/plugins\/seo\/ -->\n<title>Productes - Proersa Aerosoles<\/title>\n<meta name=\"robots\" content=\"index, follow, max-snippet:-1, max-image-preview:large, max-video-preview:-1\" \/>\n<link rel=\"canonical\" href=\"http:\/\/www.proersa.com\/cat\/productes\/\" \/>\n<meta property=\"og:locale\" content=\"ca_ES\" \/>\n<meta property=\"og:type\" content=\"article\" \/>\n<meta property=\"og:title\" content=\"Productes - Proersa Aerosoles\" \/>\n<meta property=\"og:description\" content=\"ENVASEM AEROSOLSPER A UNA \u00c0MPLIA GAMMA DE PRODUCTES Tots els productes s\u00f3n personalitzables tant per a gran consum com per [&hellip;]\" \/>\n<meta property=\"og:url\" content=\"http:\/\/www.proersa.com\/cat\/productes\/\" \/>\n<meta property=\"og:site_name\" content=\"Proersa Aerosoles\" \/>\n<meta property=\"article:modified_time\" content=\"2020-03-23T18:06:22+00:00\" \/>\n<meta property=\"og:image\" content=\"http:\/\/www.proersa.com\/cat\/wp-content\/uploads\/sites\/7\/2019\/01\/cosmetica_cat.jpg\" \/>\n<meta name=\"twitter:card\" content=\"summary_large_image\" \/>\n<meta name=\"twitter:label1\" content=\"Temps estimat de lectura\" \/>\n\t<meta name=\"twitter:data1\" content=\"2 minuts\" \/>\n<script type=\"application\/ld+json\" class=\"yoast-schema-graph\">{\"@context\":\"https:\/\/schema.org\",\"@graph\":[{\"@type\":\"WebPage\",\"@id\":\"http:\/\/www.proersa.com\/cat\/productes\/\",\"url\":\"http:\/\/www.proersa.com\/cat\/productes\/\",\"name\":\"Productes - Proersa Aerosoles\",\"isPartOf\":{\"@id\":\"http:\/\/www.proersa.com\/cat\/#website\"},\"primaryImageOfPage\":{\"@id\":\"http:\/\/www.proersa.com\/cat\/productes\/#primaryimage\"},\"image\":{\"@id\":\"http:\/\/www.proersa.com\/cat\/productes\/#primaryimage\"},\"thumbnailUrl\":\"http:\/\/www.proersa.com\/cat\/wp-content\/uploads\/sites\/7\/2019\/01\/cosmetica_cat.jpg\",\"datePublished\":\"2018-11-14T10:36:22+00:00\",\"dateModified\":\"2020-03-23T18:06:22+00:00\",\"breadcrumb\":{\"@id\":\"http:\/\/www.proersa.com\/cat\/productes\/#breadcrumb\"},\"inLanguage\":\"ca\",\"potentialAction\":[{\"@type\":\"ReadAction\",\"target\":[\"http:\/\/www.proersa.com\/cat\/productes\/\"]}]},{\"@type\":\"ImageObject\",\"inLanguage\":\"ca\",\"@id\":\"http:\/\/www.proersa.com\/cat\/productes\/#primaryimage\",\"url\":\"http:\/\/www.proersa.com\/cat\/wp-content\/uploads\/sites\/7\/2019\/01\/cosmetica_cat.jpg\",\"contentUrl\":\"http:\/\/www.proersa.com\/cat\/wp-content\/uploads\/sites\/7\/2019\/01\/cosmetica_cat.jpg\",\"width\":140,\"height\":250},{\"@type\":\"BreadcrumbList\",\"@id\":\"http:\/\/www.proersa.com\/cat\/productes\/#breadcrumb\",\"itemListElement\":[{\"@type\":\"ListItem\",\"position\":1,\"name\":\"Portada\",\"item\":\"http:\/\/www.proersa.com\/cat\/\"},{\"@type\":\"ListItem\",\"position\":2,\"name\":\"Productes\"}]},{\"@type\":\"WebSite\",\"@id\":\"http:\/\/www.proersa.com\/cat\/#website\",\"url\":\"http:\/\/www.proersa.com\/cat\/\",\"name\":\"Proersa Aerosoles\",\"description\":\"Concepci\u00f3, fabricaci\u00f3 y envasat d&#039;aerosols\",\"publisher\":{\"@id\":\"http:\/\/www.proersa.com\/cat\/#organization\"},\"potentialAction\":[{\"@type\":\"SearchAction\",\"target\":{\"@type\":\"EntryPoint\",\"urlTemplate\":\"http:\/\/www.proersa.com\/cat\/?s={search_term_string}\"},\"query-input\":{\"@type\":\"PropertyValueSpecification\",\"valueRequired\":true,\"valueName\":\"search_term_string\"}}],\"inLanguage\":\"ca\"},{\"@type\":\"Organization\",\"@id\":\"http:\/\/www.proersa.com\/cat\/#organization\",\"name\":\"Proersa Aerosoles\",\"url\":\"http:\/\/www.proersa.com\/cat\/\",\"logo\":{\"@type\":\"ImageObject\",\"inLanguage\":\"ca\",\"@id\":\"http:\/\/www.proersa.com\/cat\/#\/schema\/logo\/image\/\",\"url\":\"http:\/\/www.proersa.com\/cat\/wp-content\/uploads\/sites\/7\/2019\/01\/Proersa_logo_aerosoles50_aniversary.jpg\",\"contentUrl\":\"http:\/\/www.proersa.com\/cat\/wp-content\/uploads\/sites\/7\/2019\/01\/Proersa_logo_aerosoles50_aniversary.jpg\",\"width\":263,\"height\":63,\"caption\":\"Proersa Aerosoles\"},\"image\":{\"@id\":\"http:\/\/www.proersa.com\/cat\/#\/schema\/logo\/image\/\"}}]}<\/script>\n<!-- \/ Yoast SEO plugin. -->","yoast_head_json":{"title":"Productes - Proersa Aerosoles","robots":{"index":"index","follow":"follow","max-snippet":"max-snippet:-1","max-image-preview":"max-image-preview:large","max-video-preview":"max-video-preview:-1"},"canonical":"http:\/\/www.proersa.com\/cat\/productes\/","og_locale":"ca_ES","og_type":"article","og_title":"Productes - Proersa Aerosoles","og_description":"ENVASEM AEROSOLSPER A UNA \u00c0MPLIA GAMMA DE PRODUCTES Tots els productes s\u00f3n personalitzables tant per a gran consum com per [&hellip;]","og_url":"http:\/\/www.proersa.com\/cat\/productes\/","og_site_name":"Proersa Aerosoles","article_modified_time":"2020-03-23T18:06:22+00:00","og_image":[{"url":"http:\/\/www.proersa.com\/cat\/wp-content\/uploads\/sites\/7\/2019\/01\/cosmetica_cat.jpg","type":"","width":"","height":""}],"twitter_card":"summary_large_image","twitter_misc":{"Temps estimat de lectura":"2 minuts"},"schema":{"@context":"https:\/\/schema.org","@graph":[{"@type":"WebPage","@id":"http:\/\/www.proersa.com\/cat\/productes\/","url":"http:\/\/www.proersa.com\/cat\/productes\/","name":"Productes - Proersa Aerosoles","isPartOf":{"@id":"http:\/\/www.proersa.com\/cat\/#website"},"primaryImageOfPage":{"@id":"http:\/\/www.proersa.com\/cat\/productes\/#primaryimage"},"image":{"@id":"http:\/\/www.proersa.com\/cat\/productes\/#primaryimage"},"thumbnailUrl":"http:\/\/www.proersa.com\/cat\/wp-content\/uploads\/sites\/7\/2019\/01\/cosmetica_cat.jpg","datePublished":"2018-11-14T10:36:22+00:00","dateModified":"2020-03-23T18:06:22+00:00","breadcrumb":{"@id":"http:\/\/www.proersa.com\/cat\/productes\/#breadcrumb"},"inLanguage":"ca","potentialAction":[{"@type":"ReadAction","target":["http:\/\/www.proersa.com\/cat\/productes\/"]}]},{"@type":"ImageObject","inLanguage":"ca","@id":"http:\/\/www.proersa.com\/cat\/productes\/#primaryimage","url":"http:\/\/www.proersa.com\/cat\/wp-content\/uploads\/sites\/7\/2019\/01\/cosmetica_cat.jpg","contentUrl":"http:\/\/www.proersa.com\/cat\/wp-content\/uploads\/sites\/7\/2019\/01\/cosmetica_cat.jpg","width":140,"height":250},{"@type":"BreadcrumbList","@id":"http:\/\/www.proersa.com\/cat\/productes\/#breadcrumb","itemListElement":[{"@type":"ListItem","position":1,"name":"Portada","item":"http:\/\/www.proersa.com\/cat\/"},{"@type":"ListItem","position":2,"name":"Productes"}]},{"@type":"WebSite","@id":"http:\/\/www.proersa.com\/cat\/#website","url":"http:\/\/www.proersa.com\/cat\/","name":"Proersa Aerosoles","description":"Concepci\u00f3, fabricaci\u00f3 y envasat d&#039;aerosols","publisher":{"@id":"http:\/\/www.proersa.com\/cat\/#organization"},"potentialAction":[{"@type":"SearchAction","target":{"@type":"EntryPoint","urlTemplate":"http:\/\/www.proersa.com\/cat\/?s={search_term_string}"},"query-input":{"@type":"PropertyValueSpecification","valueRequired":true,"valueName":"search_term_string"}}],"inLanguage":"ca"},{"@type":"Organization","@id":"http:\/\/www.proersa.com\/cat\/#organization","name":"Proersa Aerosoles","url":"http:\/\/www.proersa.com\/cat\/","logo":{"@type":"ImageObject","inLanguage":"ca","@id":"http:\/\/www.proersa.com\/cat\/#\/schema\/logo\/image\/","url":"http:\/\/www.proersa.com\/cat\/wp-content\/uploads\/sites\/7\/2019\/01\/Proersa_logo_aerosoles50_aniversary.jpg","contentUrl":"http:\/\/www.proersa.com\/cat\/wp-content\/uploads\/sites\/7\/2019\/01\/Proersa_logo_aerosoles50_aniversary.jpg","width":263,"height":63,"caption":"Proersa Aerosoles"},"image":{"@id":"http:\/\/www.proersa.com\/cat\/#\/schema\/logo\/image\/"}}]}},"_links":{"self":[{"href":"http:\/\/www.proersa.com\/cat\/wp-json\/wp\/v2\/pages\/52","targetHints":{"allow":["GET"]}}],"collection":[{"href":"http:\/\/www.proersa.com\/cat\/wp-json\/wp\/v2\/pages"}],"about":[{"href":"http:\/\/www.proersa.com\/cat\/wp-json\/wp\/v2\/types\/page"}],"author":[{"embeddable":true,"href":"http:\/\/www.proersa.com\/cat\/wp-json\/wp\/v2\/users\/1"}],"replies":[{"embeddable":true,"href":"http:\/\/www.proersa.com\/cat\/wp-json\/wp\/v2\/comments?post=52"}],"version-history":[{"count":113,"href":"http:\/\/www.proersa.com\/cat\/wp-json\/wp\/v2\/pages\/52\/revisions"}],"predecessor-version":[{"id":609,"href":"http:\/\/www.proersa.com\/cat\/wp-json\/wp\/v2\/pages\/52\/revisions\/609"}],"wp:attachment":[{"href":"http:\/\/www.proersa.com\/cat\/wp-json\/wp\/v2\/media?parent=52"}],"curies":[{"name":"wp","href":"https:\/\/api.w.org\/{rel}","templated":true}]}}