{"id":50,"date":"2018-11-14T10:36:00","date_gmt":"2018-11-14T10:36:00","guid":{"rendered":"http:\/\/www.proersa.com\/cat\/?page_id=50"},"modified":"2018-11-14T16:24:36","modified_gmt":"2018-11-14T16:24:36","slug":"serveis","status":"publish","type":"page","link":"http:\/\/www.proersa.com\/cat\/serveis\/","title":{"rendered":"Serveis"},"content":{"rendered":"<div style=\"background-color: #ffffff; width: 100%; height: 20px;\"><\/div>\n<div class=\"main-title\">\n<h1>SERVEI INTEGRAL I DE QUALITAT<\/h1>\n<\/div>\n<div class=\"main-content\">\n<h3>En <strong>PROERSA<\/strong> portem m\u00e9s de quatre d\u00e8cades oferint als nostres clients un servei integral i de qualitat, que inclou aspectes crucials per garantir l&#8217;obtenci\u00f3 d&#8217;un producte amb les m\u00e0ximes garanties.<\/h3>\n<\/div>\n<div style=\"background-color: #ffffff; width: 100%; height: 4em;\"><\/div>\n<div class=\"services-title\">\n<h2>SERVEI A MIDA<\/h2>\n<\/div>\n<div class=\"box2coltextimage-main\">\n<div class=\"box2coltextimage-text\">\n<h3>Ens adaptem a les necessitats de cada client, dissenyant un servei a mida que pot abastar diferents etapes del proc\u00e9s: el desenvolupament d&#8217;un producte, la compra de totes les mat\u00e8ries primeres, la fabricaci\u00f3 de concentrats, la compra de tots els components de l&#8217;aerosol, el packaging, l&#8217;envasat i manipulaci\u00f3 del concentrat i la log\u00edstica.<\/h3>\n<\/div>\n<div class=\"box2coltextimage-image\"><img decoding=\"async\" src=\"http:\/\/www.proersa.com\/cat\/wp-content\/uploads\/sites\/7\/2018\/11\/amida.jpg\" alt=\"servei a mida\"><\/div>\n<\/div>\n<div style=\"background-color: #ffffff; width: 100%; height: 2em;\"><\/div>\n<div class=\"services-title\">\n<h2>R+D+i EN LABORATORI PROPI\u2028<\/h2>\n<\/div>\n<div class=\"box2coltextimage-main\">\n<div class=\"box2coltextimage-text\">\n<h3>Disposem d&#8217;un laboratori propi on realitzem la recerca, desenvolupament i industrialitzaci\u00f3 de nous productes en forma d&#8217;aerosol, creant f\u00f3rmules exclusives i personalitzades per als nostres clients i duent a terme proves d&#8217;estabilitat i durabilitat molt precises, amb la finalitat d&#8217;assegurar la m\u00e0xima fiabilitat de cada producte.<\/h3>\n<\/div>\n<div class=\"box2coltextimage-image\"><img decoding=\"async\" src=\"http:\/\/www.proersa.com\/cat\/wp-content\/uploads\/sites\/7\/2018\/11\/asesor.jpg\" alt=\"I+D+i en laboratori propi\"><\/div>\n<\/div>\n<div style=\"background-color: #ffffff; width: 100%; height: 2em;\"><\/div>\n<div class=\"services-title\">\n<h2>CONTROLS DE QUALITAT<\/h2>\n<\/div>\n<div class=\"box2coltextimage-main\">\n<div class=\"box2coltextimage-text\">\n<h3>Realitzem minuciosos controls de qualitat durant tot el cicle d&#8217;elaboraci\u00f3 d&#8217;un aerosol. Controls de qualitat de les mat\u00e8ries primeres i dels components rebuts, dels concentrats, tant dels que produ\u00efm a les nostres instal\u00b7lacions com els que rebem elaborats, i de tot el proc\u00e9s d&#8217;envasat dels aerosols. I, sempre, amb l&#8217;objectiu de garantir un producte final que compleixi els m\u00e9s alts est\u00e0ndards de qualitat.\u2028\u2028<\/h3>\n<\/div>\n<div class=\"box2coltextimage-image\"><img decoding=\"async\" src=\"http:\/\/www.proersa.com\/cat\/wp-content\/uploads\/sites\/7\/2018\/11\/calidad.jpg\" alt=\"controls de qualitat\"><\/div>\n<\/div>\n<div style=\"background-color: #ffffff; width: 100%; height: 2em;\"><\/div>\n<div class=\"services-title\">\n<h2>CONFIDENCIALITAT<\/h2>\n<\/div>\n<div class=\"box2coltextimage-main\">\n<div class=\"box2coltextimage-text\">\n<h3>Tenim un gran comprom\u00eds amb els nostres clients: vetllar per la privadesa, seguretat i confidencialitat de totes les seves dades. Per aix\u00f2, totes les persones implicades en el desenvolupament i producci\u00f3 de qualsevol tipus de producte, garanteixen la m\u00e9s estricta confidencialitat.\u2028\u2028<\/h3>\n<\/div>\n<div class=\"box2coltextimage-image\"><img decoding=\"async\" src=\"http:\/\/www.proersa.com\/cat\/wp-content\/uploads\/sites\/7\/2018\/11\/conf.jpg\" alt=\"confidencialitat\"><\/div>\n<\/div>\n<div style=\"background-color: #ffffff; width: 100%; height: 2em;\"><\/div>\n<div class=\"services-title\">\n<h2>ASSESSORAMENT T\u00c8CNIC<\/h2>\n<\/div>\n<div class=\"box2coltextimage-main\">\n<div class=\"box2coltextimage-text\">\n<h3>Des de l&#8217;inici del proc\u00e9s, oferim assessorament t\u00e8cnic a tots els nostres clients, per tal d&#8217;ajudar-los a trobar i planificar la millor soluci\u00f3 per dur a terme el seu projecte. Aix\u00ed mateix, tamb\u00e9 els proporcionem la documentaci\u00f3 necess\u00e0ria per complir amb la normativa vigent i el suport que els cal per dissenyar la seva estrat\u00e8gia log\u00edstica.\u2028\u2028<\/h3>\n<\/div>\n<div class=\"box2coltextimage-image\"><img decoding=\"async\" src=\"http:\/\/www.proersa.com\/cat\/wp-content\/uploads\/sites\/7\/2018\/11\/asesor.jpg\" alt=\"assessorament t\u00e8cnic\"><\/div>\n<\/div>\n<div style=\"background-color: #ffffff; width: 100%; height: 2em;\"><\/div>\n<div class=\"services-title\">\n<h2>6 L\u00cdNIES DE PRODUCCI\u00d3\u2028 <\/h2>\n<\/div>\n<div class=\"box2coltextimage-main\">\n<div class=\"box2coltextimage-text\">\n<h3>A les nostres \u00e0mplies i renovades instal\u00b7lacions disposem de 6 l\u00ednies de producci\u00f3 altament automatitzades, amb una capacitat d&#8217;envasat anual de 50.000.000 aerosols. Una estructura que ens permet oferir als nostres clients una major agilitat i flexibilitat en el servei.<\/h3>\n<\/div>\n<div class=\"box2coltextimage-image\"><img decoding=\"async\" src=\"http:\/\/www.proersa.com\/cat\/wp-content\/uploads\/sites\/7\/2018\/11\/lineas.jpg\" alt=\"6 l\u00ednies de producci\u00f3\"><\/div>\n<\/div>\n<div style=\"background-color: #ffffff; width: 100%; height: 2em;\"><\/div>\n","protected":false},"excerpt":{"rendered":"<p>SERVEI INTEGRAL I DE QUALITAT En PROERSA portem m\u00e9s de quatre d\u00e8cades oferint als nostres clients un servei integral i [&hellip;]<\/p>\n","protected":false},"author":1,"featured_media":0,"parent":0,"menu_order":0,"comment_status":"closed","ping_status":"closed","template":"","meta":{"footnotes":""},"class_list":["post-50","page","type-page","status-publish","hentry"],"yoast_head":"<!-- This site is optimized with the Yoast SEO plugin v26.7 - https:\/\/yoast.com\/wordpress\/plugins\/seo\/ -->\n<title>Serveis - Proersa Aerosoles<\/title>\n<meta name=\"robots\" content=\"index, follow, max-snippet:-1, max-image-preview:large, max-video-preview:-1\" \/>\n<link rel=\"canonical\" href=\"http:\/\/www.proersa.com\/cat\/serveis\/\" \/>\n<meta property=\"og:locale\" content=\"ca_ES\" \/>\n<meta property=\"og:type\" content=\"article\" \/>\n<meta property=\"og:title\" content=\"Serveis - Proersa Aerosoles\" \/>\n<meta property=\"og:description\" content=\"SERVEI INTEGRAL I DE QUALITAT En PROERSA portem m\u00e9s de quatre d\u00e8cades oferint als nostres clients un servei integral i [&hellip;]\" \/>\n<meta property=\"og:url\" content=\"http:\/\/www.proersa.com\/cat\/serveis\/\" \/>\n<meta property=\"og:site_name\" content=\"Proersa Aerosoles\" \/>\n<meta property=\"article:modified_time\" content=\"2018-11-14T16:24:36+00:00\" \/>\n<meta property=\"og:image\" content=\"http:\/\/www.proersa.com\/cat\/wp-content\/uploads\/sites\/7\/2018\/11\/amida.jpg\" \/>\n<meta name=\"twitter:card\" content=\"summary_large_image\" \/>\n<meta name=\"twitter:label1\" content=\"Temps estimat de lectura\" \/>\n\t<meta name=\"twitter:data1\" content=\"2 minuts\" \/>\n<script type=\"application\/ld+json\" class=\"yoast-schema-graph\">{\"@context\":\"https:\/\/schema.org\",\"@graph\":[{\"@type\":\"WebPage\",\"@id\":\"http:\/\/www.proersa.com\/cat\/serveis\/\",\"url\":\"http:\/\/www.proersa.com\/cat\/serveis\/\",\"name\":\"Serveis - Proersa Aerosoles\",\"isPartOf\":{\"@id\":\"http:\/\/www.proersa.com\/cat\/#website\"},\"primaryImageOfPage\":{\"@id\":\"http:\/\/www.proersa.com\/cat\/serveis\/#primaryimage\"},\"image\":{\"@id\":\"http:\/\/www.proersa.com\/cat\/serveis\/#primaryimage\"},\"thumbnailUrl\":\"http:\/\/www.proersa.com\/cat\/wp-content\/uploads\/sites\/7\/2018\/11\/amida.jpg\",\"datePublished\":\"2018-11-14T10:36:00+00:00\",\"dateModified\":\"2018-11-14T16:24:36+00:00\",\"breadcrumb\":{\"@id\":\"http:\/\/www.proersa.com\/cat\/serveis\/#breadcrumb\"},\"inLanguage\":\"ca\",\"potentialAction\":[{\"@type\":\"ReadAction\",\"target\":[\"http:\/\/www.proersa.com\/cat\/serveis\/\"]}]},{\"@type\":\"ImageObject\",\"inLanguage\":\"ca\",\"@id\":\"http:\/\/www.proersa.com\/cat\/serveis\/#primaryimage\",\"url\":\"http:\/\/www.proersa.com\/cat\/wp-content\/uploads\/sites\/7\/2018\/11\/amida.jpg\",\"contentUrl\":\"http:\/\/www.proersa.com\/cat\/wp-content\/uploads\/sites\/7\/2018\/11\/amida.jpg\",\"width\":400,\"height\":225},{\"@type\":\"BreadcrumbList\",\"@id\":\"http:\/\/www.proersa.com\/cat\/serveis\/#breadcrumb\",\"itemListElement\":[{\"@type\":\"ListItem\",\"position\":1,\"name\":\"Portada\",\"item\":\"http:\/\/www.proersa.com\/cat\/\"},{\"@type\":\"ListItem\",\"position\":2,\"name\":\"Serveis\"}]},{\"@type\":\"WebSite\",\"@id\":\"http:\/\/www.proersa.com\/cat\/#website\",\"url\":\"http:\/\/www.proersa.com\/cat\/\",\"name\":\"Proersa Aerosoles\",\"description\":\"Concepci\u00f3, fabricaci\u00f3 y envasat d&#039;aerosols\",\"publisher\":{\"@id\":\"http:\/\/www.proersa.com\/cat\/#organization\"},\"potentialAction\":[{\"@type\":\"SearchAction\",\"target\":{\"@type\":\"EntryPoint\",\"urlTemplate\":\"http:\/\/www.proersa.com\/cat\/?s={search_term_string}\"},\"query-input\":{\"@type\":\"PropertyValueSpecification\",\"valueRequired\":true,\"valueName\":\"search_term_string\"}}],\"inLanguage\":\"ca\"},{\"@type\":\"Organization\",\"@id\":\"http:\/\/www.proersa.com\/cat\/#organization\",\"name\":\"Proersa Aerosoles\",\"url\":\"http:\/\/www.proersa.com\/cat\/\",\"logo\":{\"@type\":\"ImageObject\",\"inLanguage\":\"ca\",\"@id\":\"http:\/\/www.proersa.com\/cat\/#\/schema\/logo\/image\/\",\"url\":\"http:\/\/www.proersa.com\/cat\/wp-content\/uploads\/sites\/7\/2019\/01\/Proersa_logo_aerosoles50_aniversary.jpg\",\"contentUrl\":\"http:\/\/www.proersa.com\/cat\/wp-content\/uploads\/sites\/7\/2019\/01\/Proersa_logo_aerosoles50_aniversary.jpg\",\"width\":263,\"height\":63,\"caption\":\"Proersa Aerosoles\"},\"image\":{\"@id\":\"http:\/\/www.proersa.com\/cat\/#\/schema\/logo\/image\/\"}}]}<\/script>\n<!-- \/ Yoast SEO plugin. -->","yoast_head_json":{"title":"Serveis - Proersa Aerosoles","robots":{"index":"index","follow":"follow","max-snippet":"max-snippet:-1","max-image-preview":"max-image-preview:large","max-video-preview":"max-video-preview:-1"},"canonical":"http:\/\/www.proersa.com\/cat\/serveis\/","og_locale":"ca_ES","og_type":"article","og_title":"Serveis - Proersa Aerosoles","og_description":"SERVEI INTEGRAL I DE QUALITAT En PROERSA portem m\u00e9s de quatre d\u00e8cades oferint als nostres clients un servei integral i [&hellip;]","og_url":"http:\/\/www.proersa.com\/cat\/serveis\/","og_site_name":"Proersa Aerosoles","article_modified_time":"2018-11-14T16:24:36+00:00","og_image":[{"url":"http:\/\/www.proersa.com\/cat\/wp-content\/uploads\/sites\/7\/2018\/11\/amida.jpg","type":"","width":"","height":""}],"twitter_card":"summary_large_image","twitter_misc":{"Temps estimat de lectura":"2 minuts"},"schema":{"@context":"https:\/\/schema.org","@graph":[{"@type":"WebPage","@id":"http:\/\/www.proersa.com\/cat\/serveis\/","url":"http:\/\/www.proersa.com\/cat\/serveis\/","name":"Serveis - Proersa Aerosoles","isPartOf":{"@id":"http:\/\/www.proersa.com\/cat\/#website"},"primaryImageOfPage":{"@id":"http:\/\/www.proersa.com\/cat\/serveis\/#primaryimage"},"image":{"@id":"http:\/\/www.proersa.com\/cat\/serveis\/#primaryimage"},"thumbnailUrl":"http:\/\/www.proersa.com\/cat\/wp-content\/uploads\/sites\/7\/2018\/11\/amida.jpg","datePublished":"2018-11-14T10:36:00+00:00","dateModified":"2018-11-14T16:24:36+00:00","breadcrumb":{"@id":"http:\/\/www.proersa.com\/cat\/serveis\/#breadcrumb"},"inLanguage":"ca","potentialAction":[{"@type":"ReadAction","target":["http:\/\/www.proersa.com\/cat\/serveis\/"]}]},{"@type":"ImageObject","inLanguage":"ca","@id":"http:\/\/www.proersa.com\/cat\/serveis\/#primaryimage","url":"http:\/\/www.proersa.com\/cat\/wp-content\/uploads\/sites\/7\/2018\/11\/amida.jpg","contentUrl":"http:\/\/www.proersa.com\/cat\/wp-content\/uploads\/sites\/7\/2018\/11\/amida.jpg","width":400,"height":225},{"@type":"BreadcrumbList","@id":"http:\/\/www.proersa.com\/cat\/serveis\/#breadcrumb","itemListElement":[{"@type":"ListItem","position":1,"name":"Portada","item":"http:\/\/www.proersa.com\/cat\/"},{"@type":"ListItem","position":2,"name":"Serveis"}]},{"@type":"WebSite","@id":"http:\/\/www.proersa.com\/cat\/#website","url":"http:\/\/www.proersa.com\/cat\/","name":"Proersa Aerosoles","description":"Concepci\u00f3, fabricaci\u00f3 y envasat d&#039;aerosols","publisher":{"@id":"http:\/\/www.proersa.com\/cat\/#organization"},"potentialAction":[{"@type":"SearchAction","target":{"@type":"EntryPoint","urlTemplate":"http:\/\/www.proersa.com\/cat\/?s={search_term_string}"},"query-input":{"@type":"PropertyValueSpecification","valueRequired":true,"valueName":"search_term_string"}}],"inLanguage":"ca"},{"@type":"Organization","@id":"http:\/\/www.proersa.com\/cat\/#organization","name":"Proersa Aerosoles","url":"http:\/\/www.proersa.com\/cat\/","logo":{"@type":"ImageObject","inLanguage":"ca","@id":"http:\/\/www.proersa.com\/cat\/#\/schema\/logo\/image\/","url":"http:\/\/www.proersa.com\/cat\/wp-content\/uploads\/sites\/7\/2019\/01\/Proersa_logo_aerosoles50_aniversary.jpg","contentUrl":"http:\/\/www.proersa.com\/cat\/wp-content\/uploads\/sites\/7\/2019\/01\/Proersa_logo_aerosoles50_aniversary.jpg","width":263,"height":63,"caption":"Proersa Aerosoles"},"image":{"@id":"http:\/\/www.proersa.com\/cat\/#\/schema\/logo\/image\/"}}]}},"_links":{"self":[{"href":"http:\/\/www.proersa.com\/cat\/wp-json\/wp\/v2\/pages\/50","targetHints":{"allow":["GET"]}}],"collection":[{"href":"http:\/\/www.proersa.com\/cat\/wp-json\/wp\/v2\/pages"}],"about":[{"href":"http:\/\/www.proersa.com\/cat\/wp-json\/wp\/v2\/types\/page"}],"author":[{"embeddable":true,"href":"http:\/\/www.proersa.com\/cat\/wp-json\/wp\/v2\/users\/1"}],"replies":[{"embeddable":true,"href":"http:\/\/www.proersa.com\/cat\/wp-json\/wp\/v2\/comments?post=50"}],"version-history":[{"count":4,"href":"http:\/\/www.proersa.com\/cat\/wp-json\/wp\/v2\/pages\/50\/revisions"}],"predecessor-version":[{"id":115,"href":"http:\/\/www.proersa.com\/cat\/wp-json\/wp\/v2\/pages\/50\/revisions\/115"}],"wp:attachment":[{"href":"http:\/\/www.proersa.com\/cat\/wp-json\/wp\/v2\/media?parent=50"}],"curies":[{"name":"wp","href":"https:\/\/api.w.org\/{rel}","templated":true}]}}